{"id":233,"date":"2026-04-05T08:57:46","date_gmt":"2026-04-05T08:57:46","guid":{"rendered":"https:\/\/noonebu.com\/institute\/?page_id=233"},"modified":"2026-04-05T09:05:13","modified_gmt":"2026-04-05T09:05:13","slug":"the-ta-inception","status":"publish","type":"page","link":"https:\/\/noonebu.com\/institute\/the-ta-inception\/","title":{"rendered":"The Ta Inception"},"content":{"rendered":"<p><img loading=\"lazy\" decoding=\"async\" class=\"op3-element__image op3-element-image__image\" title=\"The Ta Inception\" src=\"https:\/\/noonebu.com\/institute\/wp-content\/uploads\/2026\/04\/Ta-Inception-Series-logo.png\" alt=\"\" width=\"687\" height=\"140\" data-op3-attachment-id=\"250\" \/><img loading=\"lazy\" decoding=\"async\" class=\"op3-element__image op3-element-image__image\" title=\"The Ta Inception Series\" src=\"https:\/\/noonebu.com\/institute\/wp-content\/uploads\/2026\/04\/Ta-Inception-5-Clear.png\" alt=\"\" width=\"1200\" height=\"966\" data-op3-attachment-id=\"251\" \/><\/p>\n<p>The \u201cTa Inception\u201d is a series of 5 lessons that provide the necessary fundamental information about the Ta and Ta culture. Furthermore, this information conveys detailed substantiation for some things that many people will find hard to believe but impossible to deny. You are invited to download and read each of the 5 lessons.<\/p>\n<p>The order in which the lessons are to be read is as follows:<\/p>\n<p>\u00b7 The 3 Codes\u00b7 The Ta Identity\u00b7 The Ta Rationale\u00b7 The Takanu\u00b7 The Nootu<\/p>\n<p>You will be introduced to concepts that far exceed anything you know right now. A specific methodology is used throughout each lesson in order to minimize room for beliefs to emerge or remain in the mind of the reader, thus keeping the message undiluted without bias. What you learn is not all but extracts from greater information. The purpose of this information is to provide THE ABSOLUTE TRUTH about various topics concerning all people.<\/p>\n<p>This information challenges the lies you have been given to be reality. There are many people that will perceive this information as negative and will reject it without investigation but the absolute truth is that none of this information can be refuted, every claim is substantiated, and the truth being known by any number of people is only dangerous for liars.<\/p>\n<p><img loading=\"lazy\" decoding=\"async\" class=\"op3-element__image op3-element-image__image\" title=\"The Three Codes\" src=\"https:\/\/noonebu.com\/institute\/wp-content\/uploads\/2026\/04\/TheThreeCodes-Cover.png\" alt=\"\" width=\"1870\" height=\"2420\" data-op3-attachment-id=\"244\" \/><\/p>\n<h3>The 3 Codes<\/h3>\n<p>This is lesson 1 of the \u201cTa Inception\u201d series which is a series of 5 lessons that provide the necessary fundamental information about the Ta and Ta culture. In this lesson, you will learn about \u201cThe 3 Codes\u201d, the cultural and moral standard of the Ta. This information is essential for clarity and understanding of all Ta information and for engaging with the Ta people.<\/p>\n<p><img loading=\"lazy\" decoding=\"async\" class=\"op3-element__image op3-element-image__image\" title=\"The Ta Identity\" src=\"https:\/\/noonebu.com\/institute\/wp-content\/uploads\/2026\/04\/TheTaIdentity-Cover.png\" alt=\"\" width=\"1870\" height=\"2420\" data-op3-attachment-id=\"248\" \/><\/p>\n<h3>The Ta Identity<\/h3>\n<p>This is lesson 2 of the \u201cTa Inception\u201d series which is a series of 5 lessons that provide the necessary fundamental information about the Ta and Ta culture. In this lesson, \u201cThe Ta Identity\u201d, you will be introduced to the fact that there is something else with you here on this planet already, and it is native\u2026 not alien.<\/p>\n<p><img loading=\"lazy\" decoding=\"async\" class=\"op3-element__image op3-element-image__image\" title=\"The Ta Rationale\" src=\"https:\/\/noonebu.com\/institute\/wp-content\/uploads\/2026\/04\/TheTaRationale-Cover.png\" alt=\"\" width=\"1870\" height=\"2420\" data-op3-attachment-id=\"246\" \/><\/p>\n<h3>The Ta Rationale<\/h3>\n<p>This is lesson 3 of the \u201cTa Inception\u201d series which is a series of 5 lessons that provide the necessary fundamental information about the Ta and Ta culture. In this lesson, \u201cThe Ta Rationale\u201d, you will learn about the advanced reasoning process that is a key property or characteristic of all Ta people, allowing for capabilities that exceed what is considered normal by any measure.<\/p>\n<p><img loading=\"lazy\" decoding=\"async\" class=\"op3-element__image op3-element-image__image\" title=\"The Takanu\" src=\"https:\/\/noonebu.com\/institute\/wp-content\/uploads\/2026\/04\/TheTakanu-Cover.png\" alt=\"\" width=\"1870\" height=\"2420\" data-op3-attachment-id=\"245\" \/><\/p>\n<h3>The Takanu<\/h3>\n<p>This is lesson 4 of the \u201cTa Inception\u201d series which is a series of 5 lessons that provide the necessary fundamental information about the Ta and Ta culture. In this lesson, \u201cThe Takanu\u201d, you will be introduced to the universal science of the Ta, the means by which the Ta operates. This information exceeds what is known to be sorcery or dark powers and it is highly advised (but not required) that lessons 1 through 3 are absorbed and understood before accessing this information.<\/p>\n<p><img loading=\"lazy\" decoding=\"async\" class=\"op3-element__image op3-element-image__image\" title=\"The Nootu\" src=\"https:\/\/noonebu.com\/institute\/wp-content\/uploads\/2026\/04\/TheNootu-Cover.png\" alt=\"\" width=\"1870\" height=\"2420\" data-op3-attachment-id=\"247\" \/><\/p>\n<h3>The Nootu<\/h3>\n<p>This is lesson 5 of the \u201cTa Inception\u201d series which is a series of 5 lessons that provide the necessary fundamental information about the Ta and Ta culture. In this lesson, you will be introduced to \u201cThe Nootu\u201d, which is which is the prime foundation of absolute nature (all reality). It is with this fundamental knowledge that the Ta is able to function in ways that exceed the knowledge and capabilities of the Vanar or VON. It is highly advised (but not required) that lessons 1 through 4 are absorbed and understood before accessing this information.<\/p>\n<p>Each Digital Scroll Is In PDF Format<\/p>\n<h2>Price: $17<\/h2>\n<h3>get All 5 Lessons<\/h3>\n<h4>Contact Information<\/h4>\n<h4>Billing Address<\/h4>\n<p>Afghanistan\u00c5land IslandsAlbaniaAlgeriaAmerican SamoaAndorraAngolaAnguillaAntarcticaAntigua &amp; BarbudaArgentinaArmeniaArubaAscension IslandAustraliaAustriaAzerbaijanBahamasBahrainBangladeshBarbadosBelarusBelgiumBelizeBeninBermudaBhutanBoliviaBosnia &amp; HerzegovinaBotswanaBrazilBritish Indian Ocean TerritoryBritish Virgin IslandsBruneiBulgariaBurkina FasoBurundiCambodiaCameroonCanadaCanary IslandsCape VerdeCaribbean NetherlandsCayman IslandsCentral African RepublicCeuta &amp; MelillaChadChileChinaChristmas IslandCocos (Keeling) IslandsColombiaComorosCongo &#8211; BrazzavilleCongo &#8211; KinshasaCook IslandsCosta RicaC\u00f4te d\u2019IvoireCroatiaCubaCura\u00e7aoCyprusCzechiaDenmarkDiego GarciaDjiboutiDominicaDominican RepublicEcuadorEgyptEl SalvadorEquatorial GuineaEritreaEstoniaEswatiniEthiopiaFalkland IslandsFaroe IslandsFijiFinlandFranceFrench GuianaFrench PolynesiaFrench Southern TerritoriesGabonGambiaGeorgiaGermanyGhanaGibraltarGreeceGreenlandGrenadaGuadeloupeGuamGuatemalaGuernseyGuineaGuinea-BissauGuyanaHaitiHondurasHong Kong SAR ChinaHungaryIcelandIndiaIndonesiaIranIraqIrelandIsle of ManIsraelItalyJamaicaJapanJerseyJordanKazakhstanKenyaKiribatiKosovoKuwaitKyrgyzstanLaosLatviaLebanonLesothoLiberiaLibyaLiechtensteinLithuaniaLuxembourgMacao SAR ChinaMadagascarMalawiMalaysiaMaldivesMaliMaltaMarshall IslandsMartiniqueMauritaniaMauritiusMayotteMexicoMicronesiaMoldovaMonacoMongoliaMontenegroMontserratMoroccoMozambiqueMyanmar (Burma)NamibiaNauruNepalNetherlandsNew CaledoniaNew ZealandNicaraguaNigerNigeriaNiueNorfolk IslandNorth KoreaNorth MacedoniaNorthern Mariana IslandsNorwayOmanPakistanPalauPalestinian TerritoriesPanamaPapua New GuineaParaguayPeruPhilippinesPitcairn IslandsPolandPortugalPseudo-AccentsPseudo-BidiPuerto RicoQatarR\u00e9unionRomaniaRussiaRwandaSamoaSan MarinoS\u00e3o Tom\u00e9 &amp; Pr\u00edncipeSaudi ArabiaSenegalSerbiaSeychellesSierra LeoneSingaporeSint MaartenSlovakiaSloveniaSolomon IslandsSomaliaSouth AfricaSouth Georgia &amp; South Sandwich IslandsSouth KoreaSouth SudanSpainSri LankaSt. Barth\u00e9lemySt. HelenaSt. Kitts &amp; NevisSt. LuciaSt. MartinSt. Pierre &amp; MiquelonSt. Vincent &amp; GrenadinesSudanSurinameSvalbard &amp; Jan MayenSwedenSwitzerlandSyriaTaiwanTajikistanTanzaniaThailandTimor-LesteTogoTokelauTongaTrinidad &amp; TobagoTristan da CunhaTunisiaTurkeyTurkmenistanTurks &amp; Caicos IslandsTuvaluU.S. Outlying IslandsU.S. Virgin IslandsUgandaUkraineUnited Arab EmiratesUnited KingdomUnited StatesUruguayUzbekistanVanuatuVatican CityVenezuelaVietnamWallis &amp; FutunaWestern SaharaYemenZambiaZimbabwe<\/p>\n<h4>Payment Information<\/h4>\n<p>Add a one-on-one coaching call with me for $97<\/p>\n<h4>Product 1<\/h4>\n<p>Limited Time Offer: Before you complete your order, take advantage of this exclusive offer to add even more value to your purchase. For a limited time, you can upgrade with [Product\/Service] at a special discounted price.<\/p>\n<p><img loading=\"lazy\" decoding=\"async\" class=\"op3-element__image op3-element-image__image\" title=\"a5-hard-cover-ebook-01-tiny\" src=\"https:\/\/noonebu.com\/institute\/wp-content\/uploads\/2026\/04\/a5-hard-cover-ebook-01-tiny.png\" alt=\"\" width=\"400\" height=\"509\" data-op3-attachment-id=\"37876\" \/><\/p>\n<h4>Order Summary<\/h4>\n<p>Product 1$100.00Product 1$10.00Subtotal$110.00Discount$0.00Tax 0.00%$0.00Total$110.00<a class=\"op3-element__tcp--non-a op3-link op3-background-ancestor opc-submit\" href=\"#\" target=\"_self\" aria-label=\"Button link\" data-op-action=\"link\" data-op3-smooth-scroll=\"0\" data-op-effect-style=\"\" data-op-effect-style-hover=\"\">Complete Order<\/a><img loading=\"lazy\" decoding=\"async\" class=\"op3-element__image op3-element-image__image\" title=\"guarantee-grey\" src=\"https:\/\/noonebu.com\/institute\/wp-content\/uploads\/2026\/04\/guarantee-grey.png\" alt=\"\" width=\"180\" height=\"182\" data-op3-attachment-id=\"22920\" \/><\/p>\n<p>30 Day Money Back Guarantee<\/p>\n<p>If you&#8217;re not completely satisfied with your purchase, we offer a full money-back guarantee.<\/p>\n<p>mastercard<\/p>\n<p>100% Secure &amp; Safe Checkout<\/p>\n<p>SSL Secured payments processed by Stripe<\/p>\n<p>\u00a9\u00a0Copyright Your Company.\u00a0 All Rights Reserved<\/p>\n","protected":false},"excerpt":{"rendered":"<p>The \u201cTa Inception\u201d is a series of 5 lessons that provide the necessary fundamental information about the Ta and Ta culture. Furthermore, this information conveys detailed substantiation for some things that many people will find hard to believe but impossible to deny. You are invited to download and read each of the 5 lessons. The [&hellip;]<\/p>\n","protected":false},"author":1,"featured_media":0,"parent":0,"menu_order":0,"comment_status":"closed","ping_status":"closed","template":"op_builder_blank","meta":{"footnotes":""},"class_list":["post-233","page","type-page","status-publish","hentry"],"_links":{"self":[{"href":"https:\/\/noonebu.com\/institute\/wp-json\/wp\/v2\/pages\/233","targetHints":{"allow":["GET"]}}],"collection":[{"href":"https:\/\/noonebu.com\/institute\/wp-json\/wp\/v2\/pages"}],"about":[{"href":"https:\/\/noonebu.com\/institute\/wp-json\/wp\/v2\/types\/page"}],"author":[{"embeddable":true,"href":"https:\/\/noonebu.com\/institute\/wp-json\/wp\/v2\/users\/1"}],"replies":[{"embeddable":true,"href":"https:\/\/noonebu.com\/institute\/wp-json\/wp\/v2\/comments?post=233"}],"version-history":[{"count":16,"href":"https:\/\/noonebu.com\/institute\/wp-json\/wp\/v2\/pages\/233\/revisions"}],"predecessor-version":[{"id":277,"href":"https:\/\/noonebu.com\/institute\/wp-json\/wp\/v2\/pages\/233\/revisions\/277"}],"wp:attachment":[{"href":"https:\/\/noonebu.com\/institute\/wp-json\/wp\/v2\/media?parent=233"}],"curies":[{"name":"wp","href":"https:\/\/api.w.org\/{rel}","templated":true}]}}